{"id":51,"date":"2014-03-27T19:22:30","date_gmt":"2014-03-27T23:22:30","guid":{"rendered":"http:\/\/netima.ca\/?page_id=51"},"modified":"2014-11-30T21:39:38","modified_gmt":"2014-12-01T01:39:38","slug":"historique","status":"publish","type":"page","link":"https:\/\/www.netima.ca\/en\/historique\/","title":{"rendered":"Historique"},"content":{"rendered":"<p>NETIMA : net pour interNET, ima pour IMAge<\/p>\n<p>Fond\u00e9e en 1992, Netima est une entreprise de distribution ind\u00e9pendante. Elle concentre ses activit\u00e9s dans le domaine de la distribution et de l&#8217;exportation de films. Elle veut contribuer au rayonnement des producteurs ind\u00e9pendants trop souvent isol\u00e9s. Elle distribue aux niveaux national et international les \u0153uvres d&#8217;une cinquantaine de producteurs canadiens et \u00e9trangers.<\/p>\n<p><strong>Ce site de t\u00e9l\u00e9chargement a \u00e9t\u00e9 d\u00e9velopp\u00e9 \u00e0 l&#8217;interne pendant pr\u00e8s d&#8217;un an, sans subventions, aide gouvernementale ou investissement de capital de risques. Alors, s&#8217;il vous pla\u00eet, respectez le droit des auteurs en ne partageant pas les fichiers que vous t\u00e9l\u00e9chargez. Si vous les aimez, invitez plut\u00f4t vos amis \u00e0 visiter notre site. Nous travaillons pour le bien des auteurs, afin qu&#8217;ils gardent leur ind\u00e9pendance de cr\u00e9ation.<\/strong><\/p>\n<p>Nous vous invitons donc \u00e0 naviguer de titre en titre, pour le plaisir des yeux et des oreilles, en montant \u00e0 bord de notre catalogue transactionnel.<\/p>\n<p>Johanne Lessard, pr\u00e9sidente<br \/>\n<a href=\"mailto:jo@netima.ca\">jo@netima.ca<\/a><\/p>\n<p>1er\u00a0d\u00e9cembre 2014<\/p>\n","protected":false},"excerpt":{"rendered":"<p>NETIMA : net pour interNET, ima pour IMAge Fond\u00e9e en 1992, Netima est une entreprise de distribution ind\u00e9pendante. Elle concentre ses activit\u00e9s dans le domaine de la distribution et de l&#8217;exportation de films. Elle veut contribuer au rayonnement des producteurs ind\u00e9pendants trop souvent isol\u00e9s. Elle distribue aux niveaux national et international les \u0153uvres d&#8217;une cinquantaine [&hellip;]<\/p>\n","protected":false},"author":1,"featured_media":0,"parent":0,"menu_order":0,"comment_status":"closed","ping_status":"open","template":"","meta":[],"_links":{"self":[{"href":"https:\/\/www.netima.ca\/en\/wp-json\/wp\/v2\/pages\/51"}],"collection":[{"href":"https:\/\/www.netima.ca\/en\/wp-json\/wp\/v2\/pages"}],"about":[{"href":"https:\/\/www.netima.ca\/en\/wp-json\/wp\/v2\/types\/page"}],"author":[{"embeddable":true,"href":"https:\/\/www.netima.ca\/en\/wp-json\/wp\/v2\/users\/1"}],"replies":[{"embeddable":true,"href":"https:\/\/www.netima.ca\/en\/wp-json\/wp\/v2\/comments?post=51"}],"version-history":[{"count":5,"href":"https:\/\/www.netima.ca\/en\/wp-json\/wp\/v2\/pages\/51\/revisions"}],"predecessor-version":[{"id":656,"href":"https:\/\/www.netima.ca\/en\/wp-json\/wp\/v2\/pages\/51\/revisions\/656"}],"wp:attachment":[{"href":"https:\/\/www.netima.ca\/en\/wp-json\/wp\/v2\/media?parent=51"}],"curies":[{"name":"wp","href":"https:\/\/api.w.org\/{rel}","templated":true}]}}