{"id":54,"date":"2014-03-27T19:22:44","date_gmt":"2014-03-27T23:22:44","guid":{"rendered":"http:\/\/netima.ca\/?page_id=54"},"modified":"2018-11-20T09:42:11","modified_gmt":"2018-11-20T13:42:11","slug":"nous-joindre","status":"publish","type":"page","link":"https:\/\/www.netima.ca\/en\/nous-joindre\/","title":{"rendered":"Nous joindre"},"content":{"rendered":"<table>\n<thead>\n<tr>\n<th>Les Distributions Netima lt\u00e9e<\/th>\n<\/tr>\n<\/thead>\n<tbody>\n<tr>\n<td>42, rue du Court-M\u00e9trage<br \/>\nQu\u00e9bec, Qu\u00e9bec<br \/>\nCanada G2B 1L7<br \/>\nT\u00e9l : +1\u00a0(418) 573-4242<\/td>\n<\/tr>\n<\/tbody>\n<\/table>\n<h2>Contact<\/h2>\n<p>Pr\u00e9sidente<br \/>\nJohanne Lessard<br \/>\n<a href=\"mailto:jo@netima.ca\">jo@netima.ca<\/a><\/p>\n<p><strong>Vous \u00eates producteur, productrice ou r\u00e9alisateur, r\u00e9alisatrice<\/strong> et vous souhaitez nous soumettre un projet de film ou une \u0153uvre termin\u00e9e ?<\/p>\n<p>Pour traiter votre demande efficacement, nous avons besoin d&#8217;informations sur vous et votre projet. En fonction de l&#8217;\u00e9tat d&#8217;avancement de votre film, merci de nous fournir les \u00e9l\u00e9ments suivants :<\/p>\n<h3>Identit\u00e9<\/h3>\n<ul>\n<li>Nom de la personne-contact<\/li>\n<li>Nom de la compagnie<\/li>\n<li>Coordonn\u00e9es<\/li>\n<li>Types de productions<\/li>\n<\/ul>\n<h3>Nature de la demande<\/h3>\n<ul>\n<li>Lettre d&#8217;int\u00e9r\u00eat avant production<\/li>\n<li>Distribution d&#8217;une \u0153uvre achev\u00e9e<\/li>\n<li>Autre<\/li>\n<\/ul>\n<h3>\u00c9tat du film<\/h3>\n<ul>\n<li>D\u00e9veloppement<\/li>\n<li>Production<\/li>\n<li>Post-production<\/li>\n<li>Achev\u00e9 depuis telle date et, dans ce cas, diffusions (festivals, salles, t\u00e9l\u00e9vision)<\/li>\n<\/ul>\n<h3>Film(s) propos\u00e9(s)<\/h3>\n<ul>\n<li>Titre<\/li>\n<li>Genre<\/li>\n<li>Dur\u00e9e<\/li>\n<li>Format : film ou vid\u00e9o, couleur ou N&amp;B<\/li>\n<li>Synopsis<\/li>\n<li>Biofilmographie du r\u00e9alisateur\/de la r\u00e9alisatrice<\/li>\n<li>Copie du film ou d&#8217;\u0153uvres pr\u00e9c\u00e9dentes<\/li>\n<li>Sc\u00e9nario<\/li>\n<li>Intentions de r\u00e9alisation<\/li>\n<li>\u00c9quipe : r\u00e9alisation, production, com\u00e9diens et com\u00e9diennes, autres personnes clefs<\/li>\n<li>Budget<\/li>\n<li>Structure de financement<\/li>\n<\/ul>\n","protected":false},"excerpt":{"rendered":"<p>Les Distributions Netima lt\u00e9e 42, rue du Court-M\u00e9trage Qu\u00e9bec, Qu\u00e9bec Canada G2B 1L7 T\u00e9l : +1\u00a0(418) 573-4242 Contact Pr\u00e9sidente Johanne Lessard jo@netima.ca Vous \u00eates producteur, productrice ou r\u00e9alisateur, r\u00e9alisatrice et vous souhaitez nous soumettre un projet de film ou une \u0153uvre termin\u00e9e ? Pour traiter votre demande efficacement, nous avons besoin d&#8217;informations sur vous et [&hellip;]<\/p>\n","protected":false},"author":1,"featured_media":0,"parent":0,"menu_order":0,"comment_status":"closed","ping_status":"open","template":"","meta":[],"_links":{"self":[{"href":"https:\/\/www.netima.ca\/en\/wp-json\/wp\/v2\/pages\/54"}],"collection":[{"href":"https:\/\/www.netima.ca\/en\/wp-json\/wp\/v2\/pages"}],"about":[{"href":"https:\/\/www.netima.ca\/en\/wp-json\/wp\/v2\/types\/page"}],"author":[{"embeddable":true,"href":"https:\/\/www.netima.ca\/en\/wp-json\/wp\/v2\/users\/1"}],"replies":[{"embeddable":true,"href":"https:\/\/www.netima.ca\/en\/wp-json\/wp\/v2\/comments?post=54"}],"version-history":[{"count":12,"href":"https:\/\/www.netima.ca\/en\/wp-json\/wp\/v2\/pages\/54\/revisions"}],"predecessor-version":[{"id":1233,"href":"https:\/\/www.netima.ca\/en\/wp-json\/wp\/v2\/pages\/54\/revisions\/1233"}],"wp:attachment":[{"href":"https:\/\/www.netima.ca\/en\/wp-json\/wp\/v2\/media?parent=54"}],"curies":[{"name":"wp","href":"https:\/\/api.w.org\/{rel}","templated":true}]}}