{"id":88,"date":"2014-03-27T19:38:25","date_gmt":"2014-03-27T23:38:25","guid":{"rendered":"http:\/\/netima.ca\/?page_id=88"},"modified":"2017-02-04T19:13:32","modified_gmt":"2017-02-04T23:13:32","slug":"contact-us","status":"publish","type":"page","link":"https:\/\/www.netima.ca\/en\/contact-us\/","title":{"rendered":"Contact us"},"content":{"rendered":"<table>\n<thead>\n<tr>\n<th>Les Distributions Netima lt\u00e9e<\/th>\n<th><\/th>\n<\/tr>\n<\/thead>\n<tbody>\n<tr>\n<td>42, rue du Court-M\u00e9trage<br \/>\nQu\u00e9bec, Qu\u00e9bec Canada<br \/>\nG2B 1L7<\/p>\n<p>Tel : (418) 847-4794<\/td>\n<td><\/td>\n<\/tr>\n<\/tbody>\n<\/table>\n<h2>Contact<\/h2>\n<p>President Johanne Lessard <a href=\"mailto:jo@netima.ca\">jo@netima.ca<\/a><\/p>\n<p><strong>You are producer or director,<\/strong> you want to submit a film project or an ended work ? To deal with your demand effectively, we need information on you and your project. According to the state of progress of your film, please supply us the following elements:<\/p>\n<h3>Identity<\/h3>\n<ul>\n<li>Name of the person-contact<\/li>\n<li>Name of the company<\/li>\n<li>Address and phone number<\/li>\n<li>Types of productions<\/li>\n<\/ul>\n<h3>Nature of the demand<\/h3>\n<ul>\n<li>Letter of support before production<\/li>\n<li>Distribution of an ended work<\/li>\n<li>Others<\/li>\n<\/ul>\n<h3>Film stage<\/h3>\n<ul>\n<li>Development<\/li>\n<li>Production<\/li>\n<li>Post-production<\/li>\n<li>Date of completion, selections in festivals, public releases, broadcastings on television<\/li>\n<\/ul>\n<h3>Film(s) submitted<\/h3>\n<ul>\n<li>Title<\/li>\n<li>Type<\/li>\n<li>Running time<\/li>\n<li>Format : film or video, colour or B&amp;W<\/li>\n<li>Synopsis<\/li>\n<li>Director&#8217;s biofilmography<\/li>\n<li>Screening copy of the film submitted or of previous works<\/li>\n<li>Script<\/li>\n<li>Director&#8217;s intentions<\/li>\n<li>Team : director, producer, actors &amp; actresses, other key persons<\/li>\n<li>Budget<\/li>\n<li>Financing structure<\/li>\n<\/ul>\n","protected":false},"excerpt":{"rendered":"<p>Les Distributions Netima lt\u00e9e 42, rue du Court-M\u00e9trage Qu\u00e9bec, Qu\u00e9bec Canada G2B 1L7 Tel : (418) 847-4794 Contact President Johanne Lessard jo@netima.ca You are producer or director, you want to submit a film project or an ended work ? To deal with your demand effectively, we need information on you and your project. According to [&hellip;]<\/p>\n","protected":false},"author":1,"featured_media":0,"parent":0,"menu_order":0,"comment_status":"closed","ping_status":"open","template":"","meta":[],"_links":{"self":[{"href":"https:\/\/www.netima.ca\/en\/wp-json\/wp\/v2\/pages\/88"}],"collection":[{"href":"https:\/\/www.netima.ca\/en\/wp-json\/wp\/v2\/pages"}],"about":[{"href":"https:\/\/www.netima.ca\/en\/wp-json\/wp\/v2\/types\/page"}],"author":[{"embeddable":true,"href":"https:\/\/www.netima.ca\/en\/wp-json\/wp\/v2\/users\/1"}],"replies":[{"embeddable":true,"href":"https:\/\/www.netima.ca\/en\/wp-json\/wp\/v2\/comments?post=88"}],"version-history":[{"count":7,"href":"https:\/\/www.netima.ca\/en\/wp-json\/wp\/v2\/pages\/88\/revisions"}],"predecessor-version":[{"id":1186,"href":"https:\/\/www.netima.ca\/en\/wp-json\/wp\/v2\/pages\/88\/revisions\/1186"}],"wp:attachment":[{"href":"https:\/\/www.netima.ca\/en\/wp-json\/wp\/v2\/media?parent=88"}],"curies":[{"name":"wp","href":"https:\/\/api.w.org\/{rel}","templated":true}]}}